{"id":85,"date":"2018-01-25T15:23:46","date_gmt":"2018-01-25T15:23:46","guid":{"rendered":"https:\/\/pitombeira.com\/wp\/?page_id=85"},"modified":"2024-11-30T01:53:24","modified_gmt":"2024-11-30T01:53:24","slug":"about","status":"publish","type":"page","link":"https:\/\/pitombeira.com\/wp\/?page_id=85","title":{"rendered":"About"},"content":{"rendered":"<div id=\"pl-85\"  class=\"panel-layout\" ><div id=\"pg-85-0\"  class=\"panel-grid panel-no-style\" ><div id=\"pgc-85-0-0\"  class=\"panel-grid-cell\" ><div id=\"panel-85-0-0-0\" class=\"so-panel widget widget_sow-editor panel-first-child panel-last-child\" data-index=\"0\" ><div class=\"panel-widget-style panel-widget-style-for-85-0-0-0\" ><div\n\t\t\t\n\t\t\tclass=\"so-widget-sow-editor so-widget-sow-editor-base\"\n\t\t\t\n\t\t>\n<div class=\"siteorigin-widget-tinymce textwidget\">\n\t<p><img loading=\"lazy\" decoding=\"async\" class=\"wp-image-391 alignleft\" src=\"https:\/\/pitombeira.com\/wp\/wp-content\/uploads\/2020\/02\/01_Pitombeira-212x300.jpg\" alt=\"\" width=\"269\" height=\"381\" srcset=\"https:\/\/pitombeira.com\/wp\/wp-content\/uploads\/2020\/02\/01_Pitombeira-212x300.jpg 212w, https:\/\/pitombeira.com\/wp\/wp-content\/uploads\/2020\/02\/01_Pitombeira-724x1024.jpg 724w, https:\/\/pitombeira.com\/wp\/wp-content\/uploads\/2020\/02\/01_Pitombeira-768x1087.jpg 768w, https:\/\/pitombeira.com\/wp\/wp-content\/uploads\/2020\/02\/01_Pitombeira-1086x1536.jpg 1086w, https:\/\/pitombeira.com\/wp\/wp-content\/uploads\/2020\/02\/01_Pitombeira-1447x2048.jpg 1447w, https:\/\/pitombeira.com\/wp\/wp-content\/uploads\/2020\/02\/01_Pitombeira-scaled.jpg 1809w\" sizes=\"(max-width: 269px) 100vw, 269px\" \/>The music of Liduino Pitombeira (Brazil, 1962) has been performed by The Berlin Philharmonic Wind Quintet, Louisiana Sinfonietta, Poznan Philharmonic Orchestra (Poland), Orquestra Filarm\u00f4nica do Esp\u00edrito Santo, Orquestra Sinf\u00f4nica da USP, Orquestra Sinf\u00f4nica de Ribeir\u00e3o Preto, Duo Barrenechea, The Alexander-Soares Duo,and Orquestra Sinf\u00f4nica do Estado de S\u00e3o Paulo (Brazil).<\/p>\n<p>He has received many composition awards in Brazil and the USA, including the first prize in the 1998 Camargo Guarnieri Composition Competition and the first prize in the \"Sinfonia dos 500 Anos\" Composition Contest. He also received the 2003 MTNA-Shepherd Distinguished Composer of the Year Award for his piece \"Brazilian Landscapes No.1\". Three more pieces of his series Brazilian Landscapes (No.2,No.6 and No.9) were awarded first prizes in the USA. Dr. Pitombeira received his PhD in composition, with a minor in Theory, from the Louisiana State University (USA), where he studied with Dinos Constantinides and Jeffrey Perry.<\/p>\n<p>Pitombeira is professor of composition at the Escola de M\u00fasica (School of Music) of the Universidade Federal do Rio de Janeiro (Federal University of Rio de Janeiro) - UFRJ, in Brazil. He has published articles on music composition and theory on several academic journals in Brazil and has also presented his researches on compositional theory (especially related to compositional systems and systemic modelling) and music theory in conferences in Brazil and abroad. Pitombeira is a member of MusMat, a research group, affiliated to the Program of Graduate Studies in Music of the Federal University of Rio de Janeiro, which aims to develop studies and computer modelling related to music and mathematics and their applications in the fields of composition and musical analysis.<\/p>\n<p>He is a member of the Academia Brasileira de M\u00fasica (ABM), Associa\u00e7\u00e3o de Pesquisa e P\u00f3s-Gradua\u00e7\u00e3o em M\u00fasica (ANPPOM), and Associa\u00e7\u00e3o Brasileira de Teoria e An\u00e1lise Musical (TeMA). His pieces are published by Peters, Bella Musica, Conners, Alry, RioArte, and Irm\u00e3os Vitale. Recordings of his works were made by Magni, Summit, Centaur, Antes, Filarmonika, and Bis labels. He is a member of the <a href=\"https:\/\/abmusica.org.br\/\" target=\"_blank\" rel=\"noopener\">Brazilian Academy of Music<\/a>, Chair No.28.<\/p>\n<\/div>\n<\/div><\/div><\/div><\/div><div id=\"pgc-85-0-1\"  class=\"panel-grid-cell\" ><div id=\"panel-85-0-1-0\" class=\"so-panel widget widget_sow-button panel-first-child\" data-index=\"1\" ><div\n\t\t\t\n\t\t\tclass=\"so-widget-sow-button so-widget-sow-button-atom-444d6ec65d38-85\"\n\t\t\t\n\t\t><div class=\"ow-button-base ow-button-align-left\"\n>\n\t\t\t<a\n\t\t\t\t\thref=\"http:\/\/lattes.cnpq.br\/2580064972508587\"\n\t\t\t\t\tclass=\"sowb-button ow-icon-placement-left ow-button-hover\" target=\"_blank\" rel=\"noopener noreferrer\" \t>\n\t\t<span>\n\t\t\t<span class=\"sow-icon-icomoon\" data-sow-icon=\"&#xe921;\"\n\t\tstyle=\"\" \n\t\taria-hidden=\"true\"><\/span>\n\t\t\tLattes\t\t<\/span>\n\t\t\t<\/a>\n\t<\/div>\n<\/div><\/div><div id=\"panel-85-0-1-1\" class=\"so-panel widget widget_sow-button\" data-index=\"2\" ><div\n\t\t\t\n\t\t\tclass=\"so-widget-sow-button so-widget-sow-button-atom-44684b99065f-85\"\n\t\t\t\n\t\t><div class=\"ow-button-base ow-button-align-left\"\n>\n\t\t\t<a\n\t\t\t\t\thref=\"https:\/\/www.facebook.com\/liduino.pitombeira\"\n\t\t\t\t\tclass=\"sowb-button ow-icon-placement-left ow-button-hover\" target=\"_blank\" rel=\"noopener noreferrer\" \t>\n\t\t<span>\n\t\t\t<span class=\"sow-icon-fontawesome sow-fab\" data-sow-icon=\"&#xf39e;\"\n\t\tstyle=\"\" \n\t\taria-hidden=\"true\"><\/span>\n\t\t\tFacebook\t\t<\/span>\n\t\t\t<\/a>\n\t<\/div>\n<\/div><\/div><div id=\"panel-85-0-1-2\" class=\"so-panel widget widget_sow-button\" data-index=\"3\" ><div\n\t\t\t\n\t\t\tclass=\"so-widget-sow-button so-widget-sow-button-atom-44684b99065f-85\"\n\t\t\t\n\t\t><div class=\"ow-button-base ow-button-align-left\"\n>\n\t\t\t<a\n\t\t\t\t\thref=\"https:\/\/www.youtube.com\/user\/LPitombeira\/videos\"\n\t\t\t\t\tclass=\"sowb-button ow-icon-placement-left ow-button-hover\" target=\"_blank\" rel=\"noopener noreferrer\" \t>\n\t\t<span>\n\t\t\t<span class=\"sow-icon-fontawesome sow-fab\" data-sow-icon=\"&#xf167;\"\n\t\tstyle=\"\" \n\t\taria-hidden=\"true\"><\/span>\n\t\t\tYoutube\t\t<\/span>\n\t\t\t<\/a>\n\t<\/div>\n<\/div><\/div><div id=\"panel-85-0-1-3\" class=\"so-panel widget widget_sow-button\" data-index=\"4\" ><div\n\t\t\t\n\t\t\tclass=\"so-widget-sow-button so-widget-sow-button-atom-44684b99065f-85\"\n\t\t\t\n\t\t><div class=\"ow-button-base ow-button-align-left\"\n>\n\t\t\t<a\n\t\t\t\t\thref=\"https:\/\/twitter.com\/LiduinoP\"\n\t\t\t\t\tclass=\"sowb-button ow-icon-placement-left ow-button-hover\" target=\"_blank\" rel=\"noopener noreferrer\" \t>\n\t\t<span>\n\t\t\t<span class=\"sow-icon-fontawesome sow-fab\" data-sow-icon=\"&#xf099;\"\n\t\tstyle=\"\" \n\t\taria-hidden=\"true\"><\/span>\n\t\t\tX\t\t<\/span>\n\t\t\t<\/a>\n\t<\/div>\n<\/div><\/div><div id=\"panel-85-0-1-4\" class=\"so-panel widget widget_sow-button\" data-index=\"5\" ><div\n\t\t\t\n\t\t\tclass=\"so-widget-sow-button so-widget-sow-button-atom-44684b99065f-85\"\n\t\t\t\n\t\t><div class=\"ow-button-base ow-button-align-left\"\n>\n\t\t\t<a\n\t\t\t\t\thref=\"https:\/\/www.linkedin.com\/in\/liduino-pitombeira-289a3a10\/\"\n\t\t\t\t\tclass=\"sowb-button ow-icon-placement-left ow-button-hover\" target=\"_blank\" rel=\"noopener noreferrer\" \t>\n\t\t<span>\n\t\t\t<span class=\"sow-icon-fontawesome sow-fab\" data-sow-icon=\"&#xf0e1;\"\n\t\tstyle=\"\" \n\t\taria-hidden=\"true\"><\/span>\n\t\t\tLinkedin\t\t<\/span>\n\t\t\t<\/a>\n\t<\/div>\n<\/div><\/div><div id=\"panel-85-0-1-5\" class=\"so-panel widget widget_sow-button panel-last-child\" data-index=\"6\" ><div\n\t\t\t\n\t\t\tclass=\"so-widget-sow-button so-widget-sow-button-atom-44684b99065f-85\"\n\t\t\t\n\t\t><div class=\"ow-button-base ow-button-align-left\"\n>\n\t\t\t<a\n\t\t\t\t\thref=\"https:\/\/ufrj.academia.edu\/LiduinoPitombeira\"\n\t\t\t\t\tclass=\"sowb-button ow-icon-placement-left ow-button-hover\" target=\"_blank\" rel=\"noopener noreferrer\" \t>\n\t\t<span>\n\t\t\t<span class=\"sow-icon-icomoon\" data-sow-icon=\"&#xea6d;\"\n\t\tstyle=\"\" \n\t\taria-hidden=\"true\"><\/span>\n\t\t\tAcademia\t\t<\/span>\n\t\t\t<\/a>\n\t<\/div>\n<\/div><\/div><\/div><\/div><\/div>","protected":false},"excerpt":{"rendered":"<p>The music of Liduino Pitombeira (Brazil, 1962) has been performed by The Berlin Philharmonic Wind Quintet, Louisiana Sinfonietta, Poznan Philharmonic Orchestra (Poland), Orquestra Filarm\u00f4nica do Esp\u00edrito Santo, Orquestra Sinf\u00f4nica da USP, Orquestra Sinf\u00f4nica de Ribeir\u00e3o Preto, Duo Barrenechea, The Alexander-Soares Duo,and Orquestra Sinf\u00f4nica do Estado de S\u00e3o Paulo (Brazil). He has received many composition awards [&hellip;]<\/p>\n","protected":false},"author":1,"featured_media":0,"parent":0,"menu_order":0,"comment_status":"closed","ping_status":"closed","template":"","meta":{"footnotes":""},"class_list":["post-85","page","type-page","status-publish","hentry"],"_links":{"self":[{"href":"https:\/\/pitombeira.com\/wp\/index.php?rest_route=\/wp\/v2\/pages\/85"}],"collection":[{"href":"https:\/\/pitombeira.com\/wp\/index.php?rest_route=\/wp\/v2\/pages"}],"about":[{"href":"https:\/\/pitombeira.com\/wp\/index.php?rest_route=\/wp\/v2\/types\/page"}],"author":[{"embeddable":true,"href":"https:\/\/pitombeira.com\/wp\/index.php?rest_route=\/wp\/v2\/users\/1"}],"replies":[{"embeddable":true,"href":"https:\/\/pitombeira.com\/wp\/index.php?rest_route=%2Fwp%2Fv2%2Fcomments&post=85"}],"version-history":[{"count":76,"href":"https:\/\/pitombeira.com\/wp\/index.php?rest_route=\/wp\/v2\/pages\/85\/revisions"}],"predecessor-version":[{"id":505,"href":"https:\/\/pitombeira.com\/wp\/index.php?rest_route=\/wp\/v2\/pages\/85\/revisions\/505"}],"wp:attachment":[{"href":"https:\/\/pitombeira.com\/wp\/index.php?rest_route=%2Fwp%2Fv2%2Fmedia&parent=85"}],"curies":[{"name":"wp","href":"https:\/\/api.w.org\/{rel}","templated":true}]}}